{"id":41,"date":"2024-05-27T12:50:23","date_gmt":"2024-05-27T10:50:23","guid":{"rendered":"https:\/\/new.kafeatrium.cz\/?page_id=41"},"modified":"2025-03-26T16:44:48","modified_gmt":"2025-03-26T15:44:48","slug":"test01","status":"publish","type":"page","link":"https:\/\/kafeatrium.cz\/","title":{"rendered":"Coffee"},"content":{"rendered":"<p>[et_pb_section fb_built=&#8220;1&#8243; _builder_version=&#8220;4.25.1&#8243; _module_preset=&#8220;default&#8220; custom_padding=&#8220;0px||46px|||&#8220; global_colors_info=&#8220;{}&#8220;][et_pb_row module_class=&#8220;.custom-fullwidth&#8220; _builder_version=&#8220;4.25.1&#8243; _module_preset=&#8220;default&#8220; min_height=&#8220;431.4px&#8220; custom_padding=&#8220;0px|||||&#8220; global_colors_info=&#8220;{}&#8220;][et_pb_column type=&#8220;4_4&#8243; _builder_version=&#8220;4.25.1&#8243; _module_preset=&#8220;default&#8220; global_colors_info=&#8220;{}&#8220;][et_pb_image src=&#8220;https:\/\/new.kafeatrium.cz\/wp-content\/uploads\/2024\/05\/347693_9a4ee3904aff47b7856d362039cab547mv2.webp&#8220; title_text=&#8220;347693_9a4ee3904aff47b7856d362039cab547~mv2&#8243; force_fullwidth=&#8220;on&#8220; _builder_version=&#8220;4.25.1&#8243; _module_preset=&#8220;default&#8220; height=&#8220;520px&#8220; custom_margin=&#8220;||97px|||&#8220; custom_css_free_form=&#8220;img {||  object-fit: cover||}&#8220; global_colors_info=&#8220;{}&#8220;][\/et_pb_image][et_pb_heading title=&#8220;O n\u00e1s&#8220; _builder_version=&#8220;4.25.1&#8243; _module_preset=&#8220;default&#8220; title_text_align=&#8220;center&#8220; title_font_size=&#8220;40px&#8220; custom_margin=&#8220;||42px|||&#8220; global_colors_info=&#8220;{}&#8220;][\/et_pb_heading][et_pb_text _builder_version=&#8220;4.25.1&#8243; _module_preset=&#8220;default&#8220; text_font_size=&#8220;15px&#8220; text_line_height=&#8220;1.9em&#8220; header_text_align=&#8220;center&#8220; text_orientation=&#8220;center&#8220; width=&#8220;31%&#8220; module_alignment=&#8220;center&#8220; global_colors_info=&#8220;{}&#8220;]<\/p>\n<p><span>Jsme t\u0159i holky z korpor\u00e1tu. Kolegyn\u011b, sousedky a dlouholet\u00e9 kamar\u00e1dky a za posledn\u00ed t\u0159i m\u011bs\u00edce se n\u00e1m obr\u00e1til \u017eivot na ruby. Sly\u0161ely jsme tis\u00edckr\u00e1t, jak se do toho v tuhle dobu nem\u00e1me pou\u0161t\u011bt a je\u0161t\u011b v\u00edckr\u00e1t, jak nev\u00edme, do \u010deho jdeme. A mo\u017en\u00e1 to po\u0159\u00e1d je\u0161t\u011b nev\u00edme, ale o to v\u00edc, to chceme.\u00a0<\/span><br class=\"wixui-rich-text__text\" \/><span>Na\u0161\u00ed hlavn\u00ed (a v\u016fbec ne tajnou) ingredienc\u00ed je toti\u017e na\u0161e nad\u0161en\u00ed a (zat\u00edm st\u00e1le je\u0161t\u011b) neutuchaj\u00edc\u00ed v\u00e1\u0161e\u0148.<\/span><br class=\"wixui-rich-text__text\" \/><span>Chceme pro v\u00e1s d\u011blat super kafe, serv\u00edrov\u00e1t v\u00e1m luxusn\u00ed kol\u00e1\u010de a dom\u00e1c\u00ed pomaz\u00e1nky, \u010depovat pivo s t\u00edm spr\u00e1vn\u00fdm \u0159\u00edzem i nal\u00e9vat \u010dist\u00e9ho a p\u0159edev\u0161\u00edm skv\u011bl\u00e9ho v\u00edna.\u00a0Chceme pro v\u00e1s vytvo\u0159it m\u00edsto s tou spr\u00e1vnou atmosf\u00e9rou, m\u00edsto kde se budeme v\u0161ichni potk\u00e1vat, bavit a inspirovat. M\u00edsto, kam si zajdete na pokec, rand\u00ed\u010dko, koncert nebo p\u0159edn\u00e1\u0161ku, ale i m\u00edsto, kde m\u016f\u017eete relaxovat a na\u010derpat novou energii.<\/span><br class=\"wixui-rich-text__text\" \/><span>Na\u0161\u00ed mis\u00ed je v\u00e9st Kafe Atrium v radosti a tak, aby v\u00fdsledkem na\u0161eho fungov\u00e1n\u00ed byla v\u017edy p\u0159idan\u00e1 hodnota, pro n\u00e1s pro v\u0161echny.<\/span><\/p>\n<p>[\/et_pb_text][et_pb_image src=&#8220;https:\/\/new.kafeatrium.cz\/wp-content\/uploads\/2024\/05\/347693_aa34283beae049d88273b89c382b2702mv2.webp&#8220; title_text=&#8220;347693_aa34283beae049d88273b89c382b2702~mv2&#8243; force_fullwidth=&#8220;on&#8220; _builder_version=&#8220;4.25.1&#8243; _module_preset=&#8220;default&#8220; height=&#8220;535px&#8220; custom_padding=&#8220;0px|||||&#8220; global_colors_info=&#8220;{}&#8220;][\/et_pb_image][\/et_pb_column][\/et_pb_row][et_pb_row _builder_version=&#8220;4.25.1&#8243; _module_preset=&#8220;default&#8220; custom_margin=&#8220;|auto|-48px|auto||&#8220; custom_padding=&#8220;3px|||||&#8220; global_colors_info=&#8220;{}&#8220;][et_pb_column type=&#8220;4_4&#8243; _builder_version=&#8220;4.25.1&#8243; _module_preset=&#8220;default&#8220; global_colors_info=&#8220;{}&#8220;][et_pb_code _builder_version=&#8220;4.25.1&#8243; _module_preset=&#8220;default&#8220; global_colors_info=&#8220;{}&#8220;]<div id=\"wpgmza_map\" class=\"wpgmza_map\" data-settings='{\"id\":\"1\",\"map_title\":\"Moje prvn\\u00ed mapa\",\"map_width\":\"100\",\"map_height\":\"400\",\"map_start_lat\":\"50.082016431062456\",\"map_start_lng\":\"14.453143665816723\",\"map_start_location\":\"45.950464398418106,-109.81550500000003\",\"map_start_zoom\":\"15\",\"default_marker\":\"\",\"type\":\"1\",\"alignment\":\"4\",\"directions_enabled\":\"0\",\"styling_enabled\":\"0\",\"styling_json\":\"\",\"active\":\"0\",\"kml\":\"\",\"bicycle\":\"0\",\"traffic\":\"0\",\"dbox\":\"0\",\"dbox_width\":\"\",\"listmarkers\":\"0\",\"listmarkers_advanced\":\"0\",\"filterbycat\":\"0\",\"ugm_enabled\":\"0\",\"ugm_category_enabled\":\"0\",\"fusion\":\"\",\"map_width_type\":\"%\",\"map_height_type\":\"px\",\"mass_marker_support\":\"0\",\"ugm_access\":\"0\",\"order_markers_by\":\"0\",\"order_markers_choice\":\"0\",\"show_user_location\":\"0\",\"default_to\":\"\",\"other_settings\":{\"map_type\":1,\"sl_stroke_color\":\"\",\"sl_fill_color\":\"\",\"sl_stroke_opacity\":\"\",\"sl_fill_opacity\":\"\",\"transport_layer\":false,\"action\":\"wpgmza_save_map\",\"redirect_to\":\"\\\/wp-admin\\\/admin-post.php\",\"map_id\":\"1\",\"http_referer\":\"\\\/wp-admin\\\/admin.php?page=wp-google-maps-menu&amp;amp;action=edit&amp;amp;map_id=1\",\"wpgmza_id\":\"1\",\"wpgmza_start_location\":\"50.082016431062456,14.453143665816723\",\"wpgmza_start_zoom\":\"15\",\"wpgmza_theme\":\"3\",\"wpgmza_theme_data\":\"[{\\\"featureType\\\": \\\"landscape\\\", \\\"stylers\\\": [{\\\"saturation\\\": -100}, {\\\"lightness\\\": 65}, {\\\"visibility\\\": \\\"on\\\"}]}, {\\\"featureType\\\": \\\"poi\\\", \\\"stylers\\\": [{\\\"saturation\\\": -100}, {\\\"lightness\\\": 51}, {\\\"visibility\\\": \\\"simplified\\\"}]}, {\\\"featureType\\\": \\\"road.highway\\\", \\\"stylers\\\": [{\\\"saturation\\\": -100}, {\\\"visibility\\\": \\\"simplified\\\"}]}, {\\\"featureType\\\": \\\"road.arterial\\\", \\\"stylers\\\": [{\\\"saturation\\\": -100}, {\\\"lightness\\\": 30}, {\\\"visibility\\\": \\\"on\\\"}]}, {\\\"featureType\\\": \\\"road.local\\\", \\\"stylers\\\": [{\\\"saturation\\\": -100}, {\\\"lightness\\\": 40}, {\\\"visibility\\\": \\\"on\\\"}]}, {\\\"featureType\\\": \\\"transit\\\", \\\"stylers\\\": [{\\\"saturation\\\": -100}, {\\\"visibility\\\": \\\"simplified\\\"}]}, {\\\"featureType\\\": \\\"administrative.province\\\", \\\"stylers\\\": [{\\\"visibility\\\": \\\"off\\\"}]}, {\\\"featureType\\\": \\\"water\\\", \\\"elementType\\\": \\\"labels\\\", \\\"stylers\\\": [{\\\"visibility\\\": \\\"on\\\"}, {\\\"lightness\\\": -25}, {\\\"saturation\\\": -100}]}, {\\\"featureType\\\": \\\"water\\\", \\\"elementType\\\": \\\"geometry\\\", \\\"stylers\\\": [{\\\"hue\\\": \\\"#ffff00\\\"}, {\\\"lightness\\\": -25}, {\\\"saturation\\\": -97}]}]\",\"store_locator_enabled\":false,\"store_locator_search_area\":\"radial\",\"wpgmza_store_locator_radius_style\":\"legacy\",\"wpgmza_store_locator_default_radius\":\"10\",\"store_locator_auto_area_max_zoom\":\"\",\"store_locator_distance\":false,\"wpgmza_store_locator_position\":false,\"store_locator_show_distance\":false,\"store_locator_category\":false,\"wpgmza_store_locator_use_their_location\":false,\"wpgmza_store_locator_bounce\":false,\"wpgmza_sl_animation\":null,\"wpgmza_store_locator_hide_before_search\":false,\"store_locator_query_string\":\"\",\"store_locator_location_placeholder\":\"\",\"store_locator_default_address\":\"\",\"store_locator_name_search\":false,\"store_locator_name_string\":\"\",\"store_locator_not_found_message\":\"\",\"wpgmza_map_align\":\"1\",\"jump_to_nearest_marker_on_initialization\":false,\"automatically_pan_to_users_location\":false,\"override_users_location_zoom_level\":false,\"override_users_location_zoom_levels\":\"\",\"show_distance_from_location\":false,\"map_max_zoom\":\"21\",\"map_min_zoom\":\"0\",\"click_open_link\":false,\"fit_maps_bounds_to_markers\":false,\"fit_maps_bounds_to_markers_after_filtering\":false,\"hide_point_of_interest\":false,\"wpgmza_zoom_on_marker_click\":false,\"wpgmza_zoom_on_marker_click_slider\":\"\",\"close_infowindow_on_map_click\":false,\"disable_lightbox_images\":false,\"use_Raw_Jpeg_Coordinates\":false,\"polygon_labels\":false,\"disable_polygon_info_windows\":false,\"enable_marker_ratings\":false,\"enable_marker_labels\":false,\"only_load_markers_within_viewport\":false,\"zoom_level_mobile_override_enabled\":false,\"zoom_level_mobile_override\":\"\",\"iw_primary_color\":\"#000000\",\"iw_accent_color\":\"#000000\",\"iw_text_color\":\"#000000\",\"wpgmza_listmarkers_by\":\"0\",\"wpgmza_marker_listing_position\":false,\"wpgmza_push_in_map\":false,\"wpgmza_push_in_map_placement\":null,\"wpgmza_push_in_map_width\":\"\",\"wpgmza_push_in_map_height\":\"\",\"zoom_level_on_marker_listing_override\":false,\"zoom_level_on_marker_listing_click\":\"\",\"marker_listing_disable_zoom\":false,\"datatable_no_result_message\":\"\",\"remove_search_box_datables\":false,\"dataTable_pagination_style\":null,\"datatable_search_string\":\"\",\"datatable_result_start\":\"\",\"datatable_result_of\":\"\",\"datatable_result_to\":\"\",\"datatable_result_total\":\"\",\"datatable_result_show\":\"\",\"datatable_result_entries\":\"\",\"wpgmza_savemap\":\"Ulo\\u017eit mapu \\u00bb\"}}' data-map-id='1' Data-maps-engine='open-layers' data-shortcode-attributes='{\"id\":\"1\"}' style=\"display:block; overflow:auto; width:100%; height:400px; float:left;\"><\/div>[\/et_pb_code][\/et_pb_column][\/et_pb_row][et_pb_row _builder_version=&#8220;4.25.1&#8243; _module_preset=&#8220;default&#8220; global_colors_info=&#8220;{}&#8220;][et_pb_column type=&#8220;4_4&#8243; _builder_version=&#8220;4.25.1&#8243; _module_preset=&#8220;default&#8220; global_colors_info=&#8220;{}&#8220;][et_pb_image src=&#8220;https:\/\/new.kafeatrium.cz\/wp-content\/uploads\/2024\/05\/347693_fb600acef71147fda3f404b4cfb6def4mv2.webp&#8220; title_text=&#8220;347693_fb600acef71147fda3f404b4cfb6def4~mv2&#8243; force_fullwidth=&#8220;on&#8220; _builder_version=&#8220;4.25.1&#8243; _module_preset=&#8220;default&#8220; height=&#8220;500px&#8220; global_colors_info=&#8220;{}&#8220;][\/et_pb_image][\/et_pb_column][\/et_pb_row][et_pb_row _builder_version=&#8220;4.25.1&#8243; _module_preset=&#8220;default&#8220; custom_padding=&#8220;19px|||||&#8220; global_colors_info=&#8220;{}&#8220;][et_pb_column type=&#8220;4_4&#8243; _builder_version=&#8220;4.25.1&#8243; _module_preset=&#8220;default&#8220; global_colors_info=&#8220;{}&#8220;][et_pb_heading title=&#8220; Kontakt a adresa&#8220; _builder_version=&#8220;4.25.1&#8243; _module_preset=&#8220;default&#8220; title_text_align=&#8220;center&#8220; module_alignment=&#8220;center&#8220; global_colors_info=&#8220;{}&#8220;][\/et_pb_heading][\/et_pb_column][\/et_pb_row][et_pb_row _builder_version=&#8220;4.25.1&#8243; _module_preset=&#8220;default&#8220; global_colors_info=&#8220;{}&#8220;][et_pb_column type=&#8220;4_4&#8243; _builder_version=&#8220;4.25.1&#8243; _module_preset=&#8220;default&#8220; global_colors_info=&#8220;{}&#8220;][et_pb_text _builder_version=&#8220;4.25.1&#8243; _module_preset=&#8220;default&#8220; header_text_align=&#8220;left&#8220; text_orientation=&#8220;center&#8220; global_colors_info=&#8220;{}&#8220;]<\/p>\n<div id=\"comp-kjyco8e51\" class=\"HcOXKn SxM0TO QxJLC3 comp-kjyco8e51 wixui-rich-text\" data-testid=\"richTextElement\">\n<p class=\"font_9 wixui-rich-text__text\"><span class=\"color_15 wixui-rich-text__text\">\u010cajkovsk\u00e9ho 12\/12a, 130 00 Praha 3-\u017di\u017ekov, Czechia<\/span><\/p>\n<p class=\"font_9 wixui-rich-text__text\"><span class=\"color_15 wixui-rich-text__text\"><\/span><\/p>\n<\/div>\n<div id=\"comp-kjyco8e52\" class=\"HcOXKn SxM0TO QxJLC3 comp-kjyco8e52 wixui-rich-text\" data-testid=\"richTextElement\">\n<p class=\"font_9 wixui-rich-text__text\"><span class=\"color_15 wixui-rich-text__text\" style=\"color: #808080;\"><a data-auto-recognition=\"true\" href=\"mailto:info@kafeatrium.cz\" class=\"wixui-rich-text__text\" target=\"_blank\" rel=\"noopener\" style=\"color: #808080;\">info@kafeatrium.cz<\/a><\/span><\/p>\n<p class=\"font_9 wixui-rich-text__text\"><span class=\"color_15 wixui-rich-text__text\"><\/span><\/p>\n<\/div>\n<div id=\"comp-kjyco8e53\" class=\"HcOXKn SxM0TO QxJLC3 comp-kjyco8e53 wixui-rich-text\" data-testid=\"richTextElement\">\n<p class=\"font_9 wixui-rich-text__text\"><span class=\"color_15 wixui-rich-text__text\">tel: 00420 722960099<\/span><\/p>\n<\/div>\n<p>[\/et_pb_text][\/et_pb_column][\/et_pb_row][et_pb_row module_id=&#8220;info&#8220; _builder_version=&#8220;4.25.1&#8243; _module_preset=&#8220;default&#8220; global_colors_info=&#8220;{}&#8220;][et_pb_column type=&#8220;4_4&#8243; _builder_version=&#8220;4.25.1&#8243; _module_preset=&#8220;default&#8220; global_colors_info=&#8220;{}&#8220;][et_pb_image src=&#8220;https:\/\/new.kafeatrium.cz\/wp-content\/uploads\/2024\/05\/347693_21da16efe6ec4754957cc9e01844c5efmv2.webp&#8220; title_text=&#8220;347693_21da16efe6ec4754957cc9e01844c5ef~mv2&#8243; force_fullwidth=&#8220;on&#8220; _builder_version=&#8220;4.25.1&#8243; _module_preset=&#8220;default&#8220; height=&#8220;720px&#8220; global_colors_info=&#8220;{}&#8220;][\/et_pb_image][et_pb_text _builder_version=&#8220;4.25.1&#8243; _module_preset=&#8220;default&#8220; custom_margin=&#8220;-357px||215px||false|false&#8220; global_colors_info=&#8220;{}&#8220;]<\/p>\n<h2 class=\"font_0 wixui-rich-text__text\" style=\"text-align: center;\"><span class=\"color_11 wixui-rich-text__text\" style=\"color: #ffffff;\"><span class=\"wixui-rich-text__text\">OTEV\u00cdRAC\u00cd DOBA<\/span><\/span><\/h2>\n<p style=\"text-align: center;\"><span class=\"color_11 wixui-rich-text__text\" style=\"color: #ffffff;\">Pond\u011bl\u00ed &#8211; Ned\u011ble<br class=\"wixui-rich-text__text\" \/>09:00 &#8211; 22:00<\/span><\/p>\n<p>[\/et_pb_text][\/et_pb_column][\/et_pb_row][et_pb_row _builder_version=&#8220;4.25.1&#8243; _module_preset=&#8220;default&#8220; custom_padding=&#8220;7px||0px|||&#8220; global_colors_info=&#8220;{}&#8220;][et_pb_column type=&#8220;4_4&#8243; _builder_version=&#8220;4.25.1&#8243; _module_preset=&#8220;default&#8220; global_colors_info=&#8220;{}&#8220;][et_pb_text module_id=&#8220;INFO&#8220; _builder_version=&#8220;4.25.1&#8243; _module_preset=&#8220;default&#8220; text_font_size=&#8220;25px&#8220; global_colors_info=&#8220;{}&#8220;]<\/p>\n<p style=\"text-align: center;\"><span style=\"color: #000000;\">kafeatrium<\/span><\/p>\n<p>[\/et_pb_text][\/et_pb_column][\/et_pb_row][et_pb_row _builder_version=&#8220;4.25.1&#8243; _module_preset=&#8220;default&#8220; custom_margin=&#8220;|auto|-34px|auto||&#8220; custom_padding=&#8220;||8px|||&#8220; global_colors_info=&#8220;{}&#8220;][et_pb_column type=&#8220;4_4&#8243; _builder_version=&#8220;4.25.1&#8243; _module_preset=&#8220;default&#8220; global_colors_info=&#8220;{}&#8220;][et_pb_button button_url=&#8220;https:\/\/www.instagram.com\/kafeatrium\/&#8220; url_new_window=&#8220;on&#8220; button_text=&#8220;Sledovat&#8220; button_alignment=&#8220;center&#8220; _builder_version=&#8220;4.25.1&#8243; _module_preset=&#8220;default&#8220; custom_button=&#8220;on&#8220; button_text_color=&#8220;gcid-body-color&#8220; button_border_color=&#8220;gcid-body-color&#8220; button_icon=&#8220;&#xe09a;||divi||400&#8243; button_icon_color=&#8220;gcid-body-color&#8220; button_icon_placement=&#8220;left&#8220; button_on_hover=&#8220;off&#8220; custom_margin=&#8220;-29px||||false|false&#8220; global_colors_info=&#8220;{%22gcid-body-color%22:%91%22button_icon_color%22,%22button_border_color%22,%22button_text_color%22%93}&#8220;][\/et_pb_button][\/et_pb_column][\/et_pb_row][\/et_pb_section][et_pb_section fb_built=&#8220;1&#8243; _builder_version=&#8220;4.25.1&#8243; _module_preset=&#8220;default&#8220; custom_margin=&#8220;||-219px|||&#8220; custom_padding=&#8220;0px||0px|||&#8220; global_colors_info=&#8220;{}&#8220;][et_pb_row _builder_version=&#8220;4.25.1&#8243; _module_preset=&#8220;default&#8220; custom_padding=&#8220;0px|||||&#8220; global_colors_info=&#8220;{}&#8220;][et_pb_column type=&#8220;4_4&#8243; _builder_version=&#8220;4.25.1&#8243; _module_preset=&#8220;default&#8220; global_colors_info=&#8220;{}&#8220;][sb_instagram_feed feed_id=&#8220;1&#8243; _builder_version=&#8220;4.25.1&#8243; _module_preset=&#8220;default&#8220; width=&#8220;41%&#8220; module_alignment=&#8220;center&#8220; min_height=&#8220;884px&#8220; height=&#8220;988px&#8220; max_height=&#8220;1000px&#8220; custom_padding=&#8220;||9px|||&#8220; global_colors_info=&#8220;{}&#8220;][\/sb_instagram_feed][\/et_pb_column][\/et_pb_row][\/et_pb_section]<\/p>\n","protected":false},"excerpt":{"rendered":"<p>Jsme t\u0159i holky z korpor\u00e1tu. Kolegyn\u011b, sousedky a dlouholet\u00e9 kamar\u00e1dky a za posledn\u00ed t\u0159i m\u011bs\u00edce se n\u00e1m obr\u00e1til \u017eivot na ruby. Sly\u0161ely jsme tis\u00edckr\u00e1t, jak se do toho v tuhle dobu nem\u00e1me pou\u0161t\u011bt a je\u0161t\u011b v\u00edckr\u00e1t, jak nev\u00edme, do \u010deho jdeme. A mo\u017en\u00e1 to po\u0159\u00e1d je\u0161t\u011b nev\u00edme, ale o to v\u00edc, to chceme.\u00a0Na\u0161\u00ed hlavn\u00ed (a [&hellip;]<\/p>\n","protected":false},"author":1,"featured_media":0,"parent":0,"menu_order":1,"comment_status":"closed","ping_status":"closed","template":"","meta":{"_et_pb_use_builder":"on","_et_pb_old_content":"","_et_gb_content_width":"","footnotes":""},"class_list":["post-41","page","type-page","status-publish","hentry"],"_links":{"self":[{"href":"https:\/\/kafeatrium.cz\/index.php?rest_route=\/wp\/v2\/pages\/41","targetHints":{"allow":["GET"]}}],"collection":[{"href":"https:\/\/kafeatrium.cz\/index.php?rest_route=\/wp\/v2\/pages"}],"about":[{"href":"https:\/\/kafeatrium.cz\/index.php?rest_route=\/wp\/v2\/types\/page"}],"author":[{"embeddable":true,"href":"https:\/\/kafeatrium.cz\/index.php?rest_route=\/wp\/v2\/users\/1"}],"replies":[{"embeddable":true,"href":"https:\/\/kafeatrium.cz\/index.php?rest_route=%2Fwp%2Fv2%2Fcomments&post=41"}],"version-history":[{"count":35,"href":"https:\/\/kafeatrium.cz\/index.php?rest_route=\/wp\/v2\/pages\/41\/revisions"}],"predecessor-version":[{"id":790067,"href":"https:\/\/kafeatrium.cz\/index.php?rest_route=\/wp\/v2\/pages\/41\/revisions\/790067"}],"wp:attachment":[{"href":"https:\/\/kafeatrium.cz\/index.php?rest_route=%2Fwp%2Fv2%2Fmedia&parent=41"}],"curies":[{"name":"wp","href":"https:\/\/api.w.org\/{rel}","templated":true}]}}